{"id":6610,"date":"2021-12-13T18:15:42","date_gmt":"2021-12-13T17:15:42","guid":{"rendered":"https:\/\/www.asoft.si\/asoft\/?post_type=product&#038;p=6610"},"modified":"2024-06-11T18:44:25","modified_gmt":"2024-06-11T17:44:25","slug":"fec-aermonitor-am-1015-15","status":"publish","type":"product","link":"https:\/\/www.asoft.si\/asoft\/?product=fec-aermonitor-am-1015-15","title":{"rendered":"FEC Aermonitor AM-1015 &#8211; 15&#8243;"},"content":{"rendered":"<table style=\"height: 253px; width: 66.274%; margin-left: auto; margin-right: auto; border-style: none;\">\n<thead>\n<tr style=\"height: 253px;\">\n<td style=\"width: 68.1967%; border-style: hidden; text-align: left; vertical-align: top; height: 253px;\">\n<table style=\"width: 622px; height: 190px; border: 1px solid #ffffff;\">\n<thead>\n<tr style=\"border-color: #cccccc; border-width: 1px;\">\n<td style=\"background-color: #000000; border: 1px solid #c7c7c7;\" colspan=\"2\"><span style=\"font-size: 14pt; color: #ffffff; font-family: helvetica;\">\u00a0Tehni\u010dne specifikacije<\/span><\/td>\n<\/tr>\n<tr style=\"background-color: #ffffff;\">\n<td style=\"background-color: #ececec; border: 1px solid #c7c7c7;\"><span style=\"font-size: 10pt; color: #333333; font-family: helvetica;\">\u00a0Zaslon<\/span><\/td>\n<td style=\"border: 1px solid #c7c7c7;\"><span style=\"font-family: helvetica; font-size: 10pt; color: #333333;\">\u00a015&#8221;<\/span><\/td>\n<\/tr>\n<tr style=\"background-color: #ffffff;\">\n<td style=\"background-color: #ececec; border: 1px solid #c7c7c7;\"><span style=\"font-size: 10pt; color: #333333; font-family: helvetica;\">\u00a0Lo\u010dljivost<\/span><\/td>\n<td style=\"border: 1px solid #c7c7c7;\"><span style=\"font-size: 10pt; font-family: helvetica; color: #333333;\">\u00a01024&#215;768<\/span><\/td>\n<\/tr>\n<tr>\n<td style=\"background-color: #ececec; border: 1px solid #c7c7c7;\"><span style=\"font-size: 10pt; color: #333333; font-family: helvetica;\">\u00a0Kontrast<\/span><\/td>\n<td style=\"border: 1px solid #c7c7c7;\"><span style=\"font-size: 10pt; font-family: helvetica; color: #333333;\">\u00a0350:1<\/span><\/td>\n<\/tr>\n<tr>\n<td style=\"background-color: #ececec; border: 1px solid #c7c7c7;\"><span style=\"font-size: 10pt; line-height: normal; color: #333333; font-family: helvetica;\">\u00a0Odzivni \u010das<\/span><\/td>\n<td style=\"background-color: #ffffff; border: 1px solid #c7c7c7;\"><span style=\"color: #333333; font-family: helvetica; font-size: 10pt;\">\u00a014,2 ms<\/span><\/td>\n<\/tr>\n<tr style=\"background-color: #f5f5f6;\">\n<td style=\"background-color: #ececec; border: 1px solid #c7c7c7;\"><span style=\"font-size: 10pt; line-height: normal; color: #333333; font-family: helvetica;\">\u00a0Priklopi<\/span><\/td>\n<td style=\"background-color: #ffffff; border: 1px solid #c7c7c7;\"><span style=\"font-size: 10pt; line-height: normal; font-family: helvetica; color: #333333;\">\u00a0USB, VGA, DVI, Line-in, DJ-jack<\/span><\/td>\n<\/tr>\n<tr>\n<td style=\"background-color: #ececec; border: 1px solid #c7c7c7;\"><span style=\"font-size: 10pt; font-family: helvetica; color: #333333;\"><span style=\"line-height: normal;\">\u00a0Barva<\/span><\/span><\/td>\n<td style=\"background-color: #ffffff; border: 1px solid #c7c7c7;\"><span style=\"font-size: 10pt; line-height: normal; font-family: helvetica; color: #333333;\">\u00a0\u010drna<\/span><\/td>\n<\/tr>\n<tr>\n<td style=\"background-color: #ececec; border: 1px solid #c7c7c7;\"><span style=\"font-family: helvetica; font-size: 10pt; color: #333333;\"><span style=\"line-height: normal;\">\u00a0Garancija<\/span><\/span><\/td>\n<td style=\"background-color: #ffffff; border: 1px solid #c7c7c7;\"><span style=\"font-family: helvetica; font-size: 10pt; color: #333333;\">\u00a02 leti<\/span><\/td>\n<\/tr>\n<\/thead>\n<\/table>\n<\/td>\n<td style=\"width: 29.7268%; background-image: url('images\/Virtuemart\/ozadje\/Ozadje_240.png'); border-style: hidden; text-align: center; height: 253px;\" valign=\"top\"><span style=\"color: #000000; font-size: 11px; line-height: 14.3px; font-weight: 600;\"><span style=\"font-size: 12pt;\"><span style=\"font-family: helvetica;\">Ostale informacije<\/span><\/span><\/span><\/p>\n<p style=\"color: #000000; font-size: 11px; line-height: 14.3px;\"><span style=\"font-size: 10pt;\"><span style=\"font-family: helvetica; color: #333333;\">Za dodatne informacije o izdelku, bro\u0161ure,<br \/>pomo\u010d pri izbiri, nam po\u0161ljite povpra\u0161evanje.<\/span><\/span><\/p>\n<p><a href=\"https:\/\/www.asoft.si\/asoft\/?page_id=84\"><img decoding=\"async\" class=\" lazyload alignnone size-full wp-image-3896\" src=\"data:image\/svg+xml,%20%3Csvg%20viewBox%3D%220%200%20240%2047%22%20xmlns%3D%22http%3A%2F%2Fwww.w3.org%2F2000%2Fsvg%22%3E%3C%2Fsvg%3E\" data-src=\"https:\/\/www.asoft.si\/asoft\/wp-content\/uploads\/_Slike\/Gumbi\/Gumbi_povprasevanje3.png\" alt=\"\" width=\"240\" height=\"47\" srcset=\"\" data-srcset=\"https:\/\/www.asoft.si\/asoft\/wp-content\/uploads\/_Slike\/Gumbi\/Gumbi_povprasevanje3.png 240w, https:\/\/www.asoft.si\/asoft\/wp-content\/uploads\/_Slike\/Gumbi\/Gumbi_povprasevanje3-150x29.png 150w\" sizes=\"(max-width: 240px) 100vw, 240px\" \/><\/a><\/p>\n<p>&nbsp;<\/p>\n<\/td>\n<\/tr>\n<\/thead>\n<\/table>\n","protected":false},"excerpt":{"rendered":"<p>Eleganten in u\u010dinkovit touch monitor 15&#8243;, projective capacative 15&#8243; TFT LCD display (350nits LED, 1024 x 768) 15&#8243;, projective capacative, Power I\/O optional 1: 2x USB Host, 1x USB Slave, 1xVGA (DB15), 1x Line-in, 1 x DC Jack I\/O optional 2: 1x USB Slave, 1xVGA (DB15), 1xDVI, 1x Line-in, 1 x DC Jack Acylonitrlle Butadiene Styrene(ABS), Polycarbonate, Aluminum stand Mounting: VESA 100x100mm<\/p>\n","protected":false},"featured_media":10752,"comment_status":"open","ping_status":"closed","template":"","meta":{"_monsterinsights_skip_tracking":false,"_monsterinsights_sitenote_active":false,"_monsterinsights_sitenote_note":"","_monsterinsights_sitenote_category":0},"product_brand":[],"product_cat":[25],"product_tag":[],"class_list":{"0":"post-6610","1":"product","2":"type-product","3":"status-publish","4":"has-post-thumbnail","6":"product_cat-monitorji","8":"first","9":"instock","10":"taxable","11":"shipping-taxable","12":"product-type-simple"},"jetpack_sharing_enabled":true,"_links":{"self":[{"href":"https:\/\/www.asoft.si\/asoft\/index.php?rest_route=\/wp\/v2\/product\/6610","targetHints":{"allow":["GET"]}}],"collection":[{"href":"https:\/\/www.asoft.si\/asoft\/index.php?rest_route=\/wp\/v2\/product"}],"about":[{"href":"https:\/\/www.asoft.si\/asoft\/index.php?rest_route=\/wp\/v2\/types\/product"}],"replies":[{"embeddable":true,"href":"https:\/\/www.asoft.si\/asoft\/index.php?rest_route=%2Fwp%2Fv2%2Fcomments&post=6610"}],"version-history":[{"count":0,"href":"https:\/\/www.asoft.si\/asoft\/index.php?rest_route=\/wp\/v2\/product\/6610\/revisions"}],"wp:featuredmedia":[{"embeddable":true,"href":"https:\/\/www.asoft.si\/asoft\/index.php?rest_route=\/wp\/v2\/media\/10752"}],"wp:attachment":[{"href":"https:\/\/www.asoft.si\/asoft\/index.php?rest_route=%2Fwp%2Fv2%2Fmedia&parent=6610"}],"wp:term":[{"taxonomy":"product_brand","embeddable":true,"href":"https:\/\/www.asoft.si\/asoft\/index.php?rest_route=%2Fwp%2Fv2%2Fproduct_brand&post=6610"},{"taxonomy":"product_cat","embeddable":true,"href":"https:\/\/www.asoft.si\/asoft\/index.php?rest_route=%2Fwp%2Fv2%2Fproduct_cat&post=6610"},{"taxonomy":"product_tag","embeddable":true,"href":"https:\/\/www.asoft.si\/asoft\/index.php?rest_route=%2Fwp%2Fv2%2Fproduct_tag&post=6610"}],"curies":[{"name":"wp","href":"https:\/\/api.w.org\/{rel}","templated":true}]}}