{"id":11097,"date":"2025-12-17T21:06:27","date_gmt":"2025-12-17T20:06:27","guid":{"rendered":"https:\/\/www.asoft.si\/asoft\/?post_type=product&#038;p=11097"},"modified":"2025-12-22T07:16:33","modified_gmt":"2025-12-22T06:16:33","slug":"timpos-150w-156-win-11-iot","status":"publish","type":"product","link":"https:\/\/www.asoft.si\/asoft\/?product=timpos-150w-156-win-11-iot","title":{"rendered":"TimPos 150W &#8211; 15,6&#8221; Win 11 IoT"},"content":{"rendered":"<table style=\"width: 66.274%; height: 425px; margin-left: auto; margin-right: auto;\">\n<thead>\n<tr>\n<td style=\"width: 68.1967%; border-style: hidden; text-align: left;\">\n<table style=\"width: 99.475%; height: 340px; border: 1px solid #ffffff;\">\n<thead>\n<tr style=\"border-color: #cccccc; border-width: 1px;\">\n<td style=\"background-color: #000000; border: 1px solid #c7c7c7; width: 98.7076%; height: 28px;\" colspan=\"2\"><span style=\"font-size: 14pt; color: #ffffff; font-family: helvetica;\">\u00a0Tehni\u010dne specifikacije<\/span><\/td>\n<\/tr>\n<tr style=\"border-color: #cccccc; border-width: 1px;\">\n<td style=\"background-color: #ececec; border: 1px solid #c7c7c7; width: 30.8562%; height: 24px;\"><span style=\"font-size: 10pt; color: #333333; font-family: helvetica;\">\u00a0Procesor<\/span><\/td>\n<td style=\"border: 1px solid #c7c7c7; text-align: left; width: 67.8514%; height: 24px;\"><span style=\"font-size: 10pt; font-family: helvetica; color: #333333;\">\u00a0CPU QuadCore J6412 1.99Ghz<\/span><\/td>\n<\/tr>\n<tr style=\"background-color: #ffffff;\">\n<td style=\"background-color: #ececec; border: 1px solid #c7c7c7; width: 30.8562%; height: 24px;\"><span style=\"font-size: 10pt; color: #333333; font-family: helvetica;\">\u00a0Zaslon<\/span><\/td>\n<td style=\"border: 1px solid #c7c7c7; width: 67.8514%; height: 24px;\"><span style=\"font-family: helvetica; font-size: 10pt; color: #333333;\">\u00a015,6\u201d 16:9 LCD Touch 1366&#215;768<\/span><\/td>\n<\/tr>\n<tr style=\"background-color: #ffffff;\">\n<td style=\"background-color: #ececec; border: 1px solid #c7c7c7; width: 30.8562%; height: 24px;\"><span style=\"font-size: 10pt; color: #333333; font-family: helvetica;\">\u00a0Sistemski pomnilnik<\/span><\/td>\n<td style=\"border: 1px solid #c7c7c7; width: 67.8514%; height: 24px;\"><span style=\"font-size: 10pt; font-family: helvetica; color: #333333;\">\u00a08 GB DDR4 (do 32 GB)<\/span><\/td>\n<\/tr>\n<tr style=\"height: 24px;\">\n<td style=\"background-color: #ececec; border: 1px solid #c7c7c7; width: 30.8562%; height: 24px;\"><span style=\"font-size: 10pt; color: #333333; font-family: helvetica;\">\u00a0Shranjevanje<\/span><\/td>\n<td style=\"border: 1px solid #c7c7c7; width: 67.8514%; height: 24px;\"><span style=\"font-size: 10pt; font-family: helvetica; color: #333333;\">\u00a0128 GB SSD<\/span><\/td>\n<\/tr>\n<tr style=\"height: 24px;\">\n<td style=\"background-color: #ececec; border: 1px solid #c7c7c7; width: 30.8562%; height: 24px;\"><span style=\"font-size: 10pt; line-height: normal; color: #333333; font-family: helvetica;\">\u00a0Grafika<\/span><\/td>\n<td style=\"background-color: #ffffff; border: 1px solid #c7c7c7; width: 67.8514%; height: 24px;\"><span style=\"color: #333333; font-family: helvetica; font-size: 10pt;\">\u00a0Integrirana<\/span><\/td>\n<\/tr>\n<tr style=\"background-color: #f5f5f6;\">\n<td style=\"background-color: #ececec; border: 1px solid #c7c7c7; width: 30.8562%; height: 24px;\"><span style=\"font-size: 10pt; line-height: normal; color: #333333; font-family: helvetica;\">\u00a0Priklopi<\/span><\/td>\n<td style=\"background-color: #ffffff; border: 1px solid #c7c7c7; width: 67.8514%; height: 24px;\"><span style=\"font-size: 10pt; line-height: normal; font-family: helvetica; color: #333333;\">\u00a05xUSB, 2xCOM, HDMI, RJ45<\/span><\/td>\n<\/tr>\n<tr style=\"height: 24px;\">\n<td style=\"background-color: #ececec; border: 1px solid #c7c7c7; width: 30.8562%; height: 24px;\"><span style=\"font-size: 10pt; font-family: helvetica; color: #333333;\"><span style=\"line-height: normal;\">\u00a0Povezovanje<\/span><\/span><\/td>\n<td style=\"background-color: #ffffff; border: 1px solid #c7c7c7; width: 67.8514%; height: 24px;\"><span style=\"font-size: 10pt; line-height: normal; font-family: helvetica; color: #333333;\">\u00a01 GB LAN<\/span><\/td>\n<\/tr>\n<tr style=\"height: 24px;\">\n<td style=\"background-color: #ececec; border: 1px solid #c7c7c7; width: 30.8562%; height: 24px;\"><span style=\"font-family: helvetica; font-size: 10pt; color: #333333;\"><span style=\"line-height: normal;\">\u00a0\u010citalec kartic<\/span>\u00a0<\/span><\/td>\n<td style=\"background-color: #ffffff; border: 1px solid #c7c7c7; width: 67.8514%; height: 24px;\"><span style=\"font-family: helvetica; font-size: 10pt; color: #333333;\">\u00a0ne<\/span><\/td>\n<\/tr>\n<tr style=\"height: 24px;\">\n<td style=\"background-color: #ececec; border: 1px solid #c7c7c7; width: 30.8562%; height: 24px;\"><span style=\"font-family: helvetica; font-size: 10pt; color: #333333;\">\u00a0Spletna kamera<\/span><\/td>\n<td style=\"background-color: #ffffff; border: 1px solid #c7c7c7; width: 67.8514%; height: 24px;\"><span style=\"font-family: helvetica; font-size: 10pt; color: #333333;\">\u00a0ne<\/span><\/td>\n<\/tr>\n<tr style=\"height: 24px;\">\n<td style=\"background-color: #ececec; border: 1px solid #c7c7c7; width: 30.8562%; height: 24px;\"><span style=\"font-family: helvetica; font-size: 10pt; color: #333333;\">\u00a0Zvok<\/span><\/td>\n<td style=\"background-color: #ffffff; border: 1px solid #c7c7c7; width: 67.8514%; height: 24px;\"><span style=\"font-family: helvetica; font-size: 10pt; color: #333333;\">\u00a02x2W<\/span><\/td>\n<\/tr>\n<tr style=\"height: 24px;\">\n<td style=\"background-color: #ececec; border: 1px solid #c7c7c7; width: 30.8562%; height: 24px;\"><span style=\"font-size: 10pt; color: #333333; font-family: helvetica;\">\u00a0Operacijski sistem<\/span><\/td>\n<td style=\"background-color: #ffffff; border: 1px solid #c7c7c7; width: 67.8514%; height: 24px;\"><span style=\"font-size: 10pt; line-height: normal; font-family: helvetica; color: #333333;\">\u00a0Windows 11 IoT<\/span><\/td>\n<\/tr>\n<tr style=\"background-color: #f5f5f6;\">\n<td style=\"background-color: #ececec; border: 1px solid #c7c7c7; width: 30.8562%; height: 24px;\"><span style=\"font-size: 10pt; color: #333333; font-family: helvetica;\">\u00a0Barva<\/span><\/td>\n<td style=\"background-color: #ffffff; border: 1px solid #c7c7c7; width: 67.8514%; height: 24px;\"><span style=\"font-size: 10pt; font-family: helvetica; color: #333333;\">\u00a0siva<\/span><\/td>\n<\/tr>\n<tr style=\"height: 24px;\">\n<td style=\"background-color: #ececec; border: 1px solid #c7c7c7; width: 30.8562%; height: 24px;\"><span style=\"font-size: 10pt; color: #333333; font-family: helvetica;\">\u00a0Garancija<\/span><\/td>\n<td style=\"background-color: #ffffff; border: 1px solid #c7c7c7; width: 67.8514%; height: 24px;\"><span style=\"font-size: 10pt; line-height: normal; font-family: helvetica; color: #333333;\">\u00a02 leti<\/span><\/td>\n<\/tr>\n<\/thead>\n<\/table>\n<\/td>\n<td style=\"width: 29.7268%; background-image: url('images\/Virtuemart\/ozadje\/Ozadje_240.png'); border-style: hidden; text-align: center;\" valign=\"top\"><span style=\"color: #000000; font-size: 11px; line-height: 14.3px; font-weight: 600;\"><span style=\"font-size: 12pt;\"><span style=\"font-family: helvetica;\">Ostale informacije<\/span><\/span><\/span><\/p>\n<p style=\"color: #000000; font-size: 11px; line-height: 14.3px;\"><span style=\"font-size: 10pt;\"><span style=\"font-family: helvetica; color: #333333;\">Za dodatne informacije o izdelku, bro\u0161ure,<br \/>pomo\u010d pri izbiri, nam po\u0161ljite povpra\u0161evanje.<\/span><\/span><\/p>\n<p><a href=\"https:\/\/www.asoft.si\/asoft\/?page_id=84\"><img decoding=\"async\" class=\" lazyload alignnone size-full wp-image-3896\" src=\"data:image\/svg+xml,%20%3Csvg%20viewBox%3D%220%200%20240%2047%22%20xmlns%3D%22http%3A%2F%2Fwww.w3.org%2F2000%2Fsvg%22%3E%3C%2Fsvg%3E\" data-src=\"https:\/\/www.asoft.si\/asoft\/wp-content\/uploads\/_Slike\/Gumbi\/Gumbi_povprasevanje3.png\" alt=\"\" width=\"240\" height=\"47\" srcset=\"\" data-srcset=\"https:\/\/www.asoft.si\/asoft\/wp-content\/uploads\/_Slike\/Gumbi\/Gumbi_povprasevanje3.png 240w, https:\/\/www.asoft.si\/asoft\/wp-content\/uploads\/_Slike\/Gumbi\/Gumbi_povprasevanje3-150x29.png 150w\" sizes=\"(max-width: 240px) 100vw, 240px\" \/><\/a><\/p>\n<p>&nbsp;<\/p>\n<\/td>\n<\/tr>\n<\/thead>\n<\/table>\n","protected":false},"excerpt":{"rendered":"<p><span style=\"font-family: arial, helvetica, sans-serif; font-size: 14px;\">Cenovno ugoden, zmogljiv in eleganten AIO sistem. Zlo\u017eljivo stojalo in aluminijasto ohi\u0161je.<\/span><\/p>\n<p><span style=\"font-family: arial, helvetica, sans-serif; font-size: 14px;\">CPU\u00a0QuadCore J6412 1.99Ghz,\u00a0RAM: 8GB\u00a0DDR4,\u00a0SSD: 128 GB+\u00a0<\/span><\/p>\n<p><span style=\"font-family: arial, helvetica, sans-serif; font-size: 14px;\">LCD screen: 15.6\u201d TFT High resolution: 1366X768<\/span><br \/><span style=\"font-family: arial, helvetica, sans-serif; font-size: 14px;\">Projective Type Capacitive Touch<\/span><\/p>\n<p><span style=\"font-family: arial, helvetica, sans-serif; font-size: 14px;\">PORTS:<\/span><br \/><span style=\"font-family: arial, helvetica, sans-serif; font-size: 14px;\">2x COM, 3x USB 2.0, 2 USB 3.0, 1x RJ 45 10\/100\/1000,<\/span><br \/><span style=\"font-family: arial, helvetica, sans-serif; font-size: 14px;\">1x HDMI, 1x Audio, 1x type C, 1x Jack 12V,<\/span><\/p>\n<p><span style=\"font-family: arial, helvetica, sans-serif; font-size: 14px;\">WIFI\/BT, WIN 10\/11 IoT<\/span><\/p>\n","protected":false},"featured_media":11106,"comment_status":"open","ping_status":"closed","template":"","meta":{"_monsterinsights_skip_tracking":false,"_monsterinsights_sitenote_active":false,"_monsterinsights_sitenote_note":"","_monsterinsights_sitenote_category":0},"product_brand":[],"product_cat":[24],"product_tag":[],"class_list":{"0":"post-11097","1":"product","2":"type-product","3":"status-publish","4":"has-post-thumbnail","6":"product_cat-all-in-one-sistemi","8":"first","9":"onbackorder","10":"taxable","11":"shipping-taxable","12":"product-type-simple"},"jetpack_sharing_enabled":true,"_links":{"self":[{"href":"https:\/\/www.asoft.si\/asoft\/index.php?rest_route=\/wp\/v2\/product\/11097","targetHints":{"allow":["GET"]}}],"collection":[{"href":"https:\/\/www.asoft.si\/asoft\/index.php?rest_route=\/wp\/v2\/product"}],"about":[{"href":"https:\/\/www.asoft.si\/asoft\/index.php?rest_route=\/wp\/v2\/types\/product"}],"replies":[{"embeddable":true,"href":"https:\/\/www.asoft.si\/asoft\/index.php?rest_route=%2Fwp%2Fv2%2Fcomments&post=11097"}],"version-history":[{"count":3,"href":"https:\/\/www.asoft.si\/asoft\/index.php?rest_route=\/wp\/v2\/product\/11097\/revisions"}],"predecessor-version":[{"id":11122,"href":"https:\/\/www.asoft.si\/asoft\/index.php?rest_route=\/wp\/v2\/product\/11097\/revisions\/11122"}],"wp:featuredmedia":[{"embeddable":true,"href":"https:\/\/www.asoft.si\/asoft\/index.php?rest_route=\/wp\/v2\/media\/11106"}],"wp:attachment":[{"href":"https:\/\/www.asoft.si\/asoft\/index.php?rest_route=%2Fwp%2Fv2%2Fmedia&parent=11097"}],"wp:term":[{"taxonomy":"product_brand","embeddable":true,"href":"https:\/\/www.asoft.si\/asoft\/index.php?rest_route=%2Fwp%2Fv2%2Fproduct_brand&post=11097"},{"taxonomy":"product_cat","embeddable":true,"href":"https:\/\/www.asoft.si\/asoft\/index.php?rest_route=%2Fwp%2Fv2%2Fproduct_cat&post=11097"},{"taxonomy":"product_tag","embeddable":true,"href":"https:\/\/www.asoft.si\/asoft\/index.php?rest_route=%2Fwp%2Fv2%2Fproduct_tag&post=11097"}],"curies":[{"name":"wp","href":"https:\/\/api.w.org\/{rel}","templated":true}]}}