{"id":10662,"date":"2024-06-05T19:01:20","date_gmt":"2024-06-05T18:01:20","guid":{"rendered":"https:\/\/www.asoft.si\/asoft\/?post_type=product&#038;p=10662"},"modified":"2024-06-10T19:48:33","modified_gmt":"2024-06-10T18:48:33","slug":"partner-rp-330","status":"publish","type":"product","link":"https:\/\/www.asoft.si\/asoft\/?product=partner-rp-330","title":{"rendered":"Partner RP-330"},"content":{"rendered":"<table style=\"height: 253px; width: 66.274%; margin-left: auto; margin-right: auto; border-style: none;\">\n<thead>\n<tr style=\"height: 253px;\">\n<td style=\"width: 68.1967%; border-style: hidden; text-align: left; vertical-align: top; height: 253px;\">\n<table style=\"width: 93.8706%; height: 190px; border: 1px solid #ffffff;\">\n<thead>\n<tr style=\"border-color: #cccccc; border-width: 1px;\">\n<td style=\"background-color: #000000; border: 1px solid #c7c7c7; width: 95.3564%;\" colspan=\"2\"><span style=\"font-size: 14pt; color: #ffffff; font-family: helvetica;\">\u00a0Tehni\u010dne specifikacije<\/span><\/td>\n<\/tr>\n<tr style=\"background-color: #ffffff;\">\n<td style=\"background-color: #ececec; border: 1px solid #c7c7c7; width: 45.0103%;\"><span style=\"font-size: 10pt; color: #333333; font-family: helvetica;\">\u00a0Tip tiskalnika<\/span><\/td>\n<td style=\"border: 1px solid #c7c7c7; width: 50.3461%;\"><span style=\"font-family: helvetica; font-size: 10pt; color: #333333;\">\u00a0termalni<\/span><\/td>\n<\/tr>\n<tr style=\"background-color: #ffffff;\">\n<td style=\"background-color: #ececec; border: 1px solid #c7c7c7; width: 45.0103%;\"><span style=\"font-size: 10pt; color: #333333; font-family: helvetica;\">\u00a0\u0160irina papirja<\/span><\/td>\n<td style=\"border: 1px solid #c7c7c7; width: 50.3461%;\"><span style=\"font-size: 10pt; font-family: helvetica; color: #333333;\">\u00a080 mm<\/span><\/td>\n<\/tr>\n<tr>\n<td style=\"background-color: #ececec; border: 1px solid #c7c7c7; width: 45.0103%;\"><span style=\"font-size: 10pt; color: #333333; font-family: helvetica;\">\u00a0Hitrost izpisa<\/span><\/td>\n<td style=\"border: 1px solid #c7c7c7; width: 50.3461%;\"><span style=\"font-size: 10pt; font-family: helvetica; color: #333333;\">\u00a0200 mm\/s<\/span><\/td>\n<\/tr>\n<tr>\n<td style=\"background-color: #ececec; border: 1px solid #c7c7c7; width: 45.0103%;\"><span style=\"font-size: 10pt; line-height: normal; color: #333333; font-family: helvetica;\">\u00a0Resolucija<\/span><\/td>\n<td style=\"background-color: #ffffff; border: 1px solid #c7c7c7; width: 50.3461%;\"><span style=\"color: #333333; font-family: helvetica; font-size: 10pt;\">\u00a0180 dpi<\/span><\/td>\n<\/tr>\n<tr style=\"background-color: #f5f5f6;\">\n<td style=\"background-color: #ececec; border: 1px solid #c7c7c7; width: 45.0103%;\"><span style=\"font-size: 10pt; line-height: normal; color: #333333; font-family: helvetica;\">\u00a0Rezalnik papirja<\/span><\/td>\n<td style=\"background-color: #ffffff; border: 1px solid #c7c7c7; width: 50.3461%;\"><span style=\"font-size: 10pt; line-height: normal; font-family: helvetica; color: #333333;\">\u00a0popolni ali delni rez<\/span><\/td>\n<\/tr>\n<tr>\n<td style=\"background-color: #ececec; border: 1px solid #c7c7c7; width: 45.0103%;\"><span style=\"font-size: 10pt; font-family: helvetica; color: #333333;\"><span style=\"line-height: normal;\">\u00a0Priklopi<\/span><\/span><\/td>\n<td style=\"background-color: #ffffff; border: 1px solid #c7c7c7; width: 50.3461%;\"><span style=\"font-size: 10pt; line-height: normal; font-family: helvetica; color: #333333;\">\u00a0USB<\/span><\/td>\n<\/tr>\n<tr>\n<td style=\"background-color: #ececec; border: 1px solid #c7c7c7; width: 45.0103%;\"><span style=\"font-size: 10pt; font-family: helvetica; color: #333333;\"><span style=\"line-height: normal;\">\u00a0Barva<\/span><\/span><\/td>\n<td style=\"background-color: #ffffff; border: 1px solid #c7c7c7; width: 50.3461%;\"><span style=\"font-size: 10pt; line-height: normal; font-family: helvetica; color: #333333;\">\u00a0\u010drna, bela<\/span><\/td>\n<\/tr>\n<tr>\n<td style=\"background-color: #ececec; border: 1px solid #c7c7c7; width: 45.0103%;\"><span style=\"font-family: helvetica; font-size: 10pt; color: #333333;\"><span style=\"line-height: normal;\">\u00a0Garancija<\/span><\/span><\/td>\n<td style=\"background-color: #ffffff; border: 1px solid #c7c7c7; width: 50.3461%;\"><span style=\"font-family: helvetica; font-size: 10pt; color: #333333;\">\u00a03 leta<\/span><\/td>\n<\/tr>\n<\/thead>\n<\/table>\n<\/td>\n<td style=\"width: 29.7268%; background-image: url('images\/Virtuemart\/ozadje\/Ozadje_240.png'); border-style: hidden; text-align: center; height: 253px;\" valign=\"top\"><span style=\"color: #000000; font-size: 11px; line-height: 14.3px; font-weight: 600;\"><span style=\"font-size: 12pt;\"><span style=\"font-family: helvetica;\">Ostale informacije<\/span><\/span><\/span><\/p>\n<p style=\"color: #000000; font-size: 11px; line-height: 14.3px;\"><span style=\"font-size: 10pt;\"><span style=\"font-family: helvetica; color: #333333;\">Za dodatne informacije o izdelku, bro\u0161ure,<br \/>pomo\u010d pri izbiri, nam po\u0161ljite povpra\u0161evanje.<\/span><\/span><\/p>\n<p><a href=\"https:\/\/www.asoft.si\/asoft\/?page_id=84\"><img decoding=\"async\" class=\" lazyload alignnone size-full wp-image-3896\" src=\"data:image\/svg+xml,%20%3Csvg%20viewBox%3D%220%200%20240%2047%22%20xmlns%3D%22http%3A%2F%2Fwww.w3.org%2F2000%2Fsvg%22%3E%3C%2Fsvg%3E\" data-src=\"https:\/\/www.asoft.si\/asoft\/wp-content\/uploads\/_Slike\/Gumbi\/Gumbi_povprasevanje3.png\" alt=\"\" width=\"240\" height=\"47\" srcset=\"\" data-srcset=\"https:\/\/www.asoft.si\/asoft\/wp-content\/uploads\/_Slike\/Gumbi\/Gumbi_povprasevanje3.png 240w, https:\/\/www.asoft.si\/asoft\/wp-content\/uploads\/_Slike\/Gumbi\/Gumbi_povprasevanje3-150x29.png 150w\" sizes=\"(max-width: 240px) 100vw, 240px\" \/><\/a><\/p>\n<p>&nbsp;<\/p>\n<\/td>\n<\/tr>\n<\/thead>\n<\/table>\n","protected":false},"excerpt":{"rendered":"<p>Toplotni tiskalniki podjetja Partner Tech so re\u0161itev toplotnega tiskalnika visoke hitrosti za maloprodajno in gostoljubno okolje, ki zahtevajo hiter in tih tisk. Podpora celotnemu naboru pisav za razli\u010dne dr\u017eave.<\/p>\n<p>RP-330 je posebej hiter toplotni prevzemni tiskalnik s hitrostjo tiskanja do 200 mm\/s pri lo\u010dljivosti 180 dpi. Kompaktna velikost in integrirana stenska monta\u017ea naredita ta zanesljiv model absolutno idealen za \u0161tevilne aplikacije. \u0160irok nabor mo\u017enosti vmesnika in vrat omogo\u010da enostavno namestitev in preprosto integracijo bodisi v POS okolja bodisi POS re\u0161itve.<\/p>\n<p>Posebnost je, da je RP-330 opremljen s signalnim tonom, ki ga je mogo\u010de daljinsko upravljati, zaradi \u010desar je idealen tiskalnik za uporabo v kuhinji.<\/p>\n","protected":false},"featured_media":10713,"comment_status":"open","ping_status":"closed","template":"","meta":{"_monsterinsights_skip_tracking":false,"_monsterinsights_sitenote_active":false,"_monsterinsights_sitenote_note":"","_monsterinsights_sitenote_category":0},"product_brand":[],"product_cat":[26,33],"product_tag":[],"class_list":{"0":"post-10662","1":"product","2":"type-product","3":"status-publish","4":"has-post-thumbnail","6":"product_cat-pos-tiskalniki","7":"product_cat-termalni-tiskalniki","9":"first","10":"instock","11":"taxable","12":"shipping-taxable","13":"product-type-simple"},"jetpack_sharing_enabled":true,"_links":{"self":[{"href":"https:\/\/www.asoft.si\/asoft\/index.php?rest_route=\/wp\/v2\/product\/10662","targetHints":{"allow":["GET"]}}],"collection":[{"href":"https:\/\/www.asoft.si\/asoft\/index.php?rest_route=\/wp\/v2\/product"}],"about":[{"href":"https:\/\/www.asoft.si\/asoft\/index.php?rest_route=\/wp\/v2\/types\/product"}],"replies":[{"embeddable":true,"href":"https:\/\/www.asoft.si\/asoft\/index.php?rest_route=%2Fwp%2Fv2%2Fcomments&post=10662"}],"version-history":[{"count":0,"href":"https:\/\/www.asoft.si\/asoft\/index.php?rest_route=\/wp\/v2\/product\/10662\/revisions"}],"wp:featuredmedia":[{"embeddable":true,"href":"https:\/\/www.asoft.si\/asoft\/index.php?rest_route=\/wp\/v2\/media\/10713"}],"wp:attachment":[{"href":"https:\/\/www.asoft.si\/asoft\/index.php?rest_route=%2Fwp%2Fv2%2Fmedia&parent=10662"}],"wp:term":[{"taxonomy":"product_brand","embeddable":true,"href":"https:\/\/www.asoft.si\/asoft\/index.php?rest_route=%2Fwp%2Fv2%2Fproduct_brand&post=10662"},{"taxonomy":"product_cat","embeddable":true,"href":"https:\/\/www.asoft.si\/asoft\/index.php?rest_route=%2Fwp%2Fv2%2Fproduct_cat&post=10662"},{"taxonomy":"product_tag","embeddable":true,"href":"https:\/\/www.asoft.si\/asoft\/index.php?rest_route=%2Fwp%2Fv2%2Fproduct_tag&post=10662"}],"curies":[{"name":"wp","href":"https:\/\/api.w.org\/{rel}","templated":true}]}}